{"id":471,"date":"2018-05-28T08:22:36","date_gmt":"2018-05-28T06:22:36","guid":{"rendered":"http:\/\/www.n-a-g-e-l.de\/?page_id=471"},"modified":"2019-11-25T23:42:11","modified_gmt":"2019-11-25T22:42:11","slug":"datenschutz","status":"publish","type":"page","link":"https:\/\/www.n-a-g-e-l.de\/en\/datenschutz\/","title":{"rendered":"Datenschutz"},"content":{"rendered":"","protected":false},"excerpt":{"rendered":"","protected":false},"author":1,"featured_media":0,"parent":0,"menu_order":3,"comment_status":"closed","ping_status":"closed","template":"","meta":[],"class_list":["post-471","page","type-page","status-publish","hentry"],"grid":"{\r\n  \"colCount\": 12,\r\n  \"colGutter\": 1,\r\n  \"rowGutters\": [],\r\n  \"frameMargin\": 2,\r\n  \"topFrameMargin\": 13,\r\n  \"bottomFrameMargin\": 12,\r\n  \"rowAttrs\": [\r\n    {}\r\n  ],\r\n  \"bgColor\": null,\r\n  \"cont\": [\r\n    {\r\n      \"type\": \"text\",\r\n      \"cont\": \"<p class=\\\"p1\\\"><span class=\\\"s1\\\">Datenschutzerkl\u00e4rung<\/span><\/p><p class=\\\"p1\\\"><span class=\\\"s1\\\">1. Datenschutz auf einen Blick<\/span><\/p><p class=\\\"p1\\\"><span class=\\\"s1\\\">Allgemeine Hinweise<\/span><\/p><p class=\\\"p1\\\"><span class=\\\"s1\\\">Die folgenden Hinweise geben einen einfachen \u00dcberblick dar\u00fcber, was mit Ihren personenbezogenen Daten passiert, wenn Sie unsere Website besuchen. Personenbezogene Daten sind alle Daten, mit denen Sie pers\u00f6nlich identifiziert werden k\u00f6nnen. Ausf\u00fchrliche Informationen zum Thema Datenschutz entnehmen Sie unserer unter diesem Text aufgef\u00fchrten Datenschutzerkl\u00e4rung.<\/span><\/p><p class=\\\"p1\\\"><span class=\\\"s1\\\">Datenerfassung auf unserer Website<\/span><\/p><p class=\\\"p1\\\"><span class=\\\"s1\\\">Wer ist verantwortlich f\u00fcr die Datenerfassung auf dieser Website?<br \/><\/span><span class=\\\"s1\\\">Die Datenverarbeitung auf dieser Website erfolgt durch den Websitebetreiber. Dessen Kontaktdaten k\u00f6nnen Sie dem Impressum dieser Website entnehmen.<\/span><\/p><p class=\\\"p1\\\"><span class=\\\"s1\\\">Wie erfassen wir Ihre Daten?<\/span><\/p><p class=\\\"p1\\\"><span class=\\\"s1\\\">Ihre Daten werden zum einen dadurch erhoben, dass Sie uns diese mitteilen. Hierbei kann es sich z.B. um Daten handeln, die Sie in ein Kontaktformular eingeben.<\/span><\/p><p class=\\\"p1\\\"><span class=\\\"s1\\\">Andere Daten werden automatisch beim Besuch der Website durch unsere IT-Systeme erfasst. Das sind vor allem technische Daten (z.B. Internetbrowser, Betriebssystem oder Uhrzeit des Seitenaufrufs). Die Erfassung dieser Daten erfolgt automatisch, sobald Sie unsere Website betreten.<\/span><\/p><p class=\\\"p1\\\"><span class=\\\"s1\\\">Wof\u00fcr nutzen wir Ihre Daten?<\/span><\/p><p class=\\\"p1\\\"><span class=\\\"s1\\\">Ein Teil der Daten wird erhoben, um eine fehlerfreie Bereitstellung der Website zu gew\u00e4hrleisten. Andere Daten k\u00f6nnen zur Analyse Ihres Nutzerverhaltens verwendet werden.<\/span><\/p><p class=\\\"p1\\\"><span class=\\\"s1\\\">Welche Rechte haben Sie bez\u00fcglich Ihrer Daten?<\/span><\/p><p class=\\\"p1\\\"><span class=\\\"s1\\\">Sie haben jederzeit das Recht unentgeltlich Auskunft \u00fcber Herkunft, Empf\u00e4nger und Zweck Ihrer gespeicherten personenbezogenen Daten zu erhalten. Sie haben au\u00dferdem ein Recht, die Berichtigung, Sperrung oder L\u00f6schung dieser Daten zu verlangen. Hierzu sowie zu weiteren Fragen zum Thema Datenschutz k\u00f6nnen Sie sich jederzeit unter der im Impressum angegebenen Adresse an uns wenden. Des Weiteren steht Ihnen ein Beschwerderecht bei der zust\u00e4ndigen Aufsichtsbeh\u00f6rde zu.<\/span><\/p><p class=\\\"p1\\\"><span class=\\\"s1\\\">Analyse-Tools und Tools von Drittanbietern<\/span><\/p><p class=\\\"p1\\\"><span class=\\\"s1\\\">Beim Besuch unserer Website kann Ihr Surf-Verhalten statistisch ausgewertet werden. Das geschieht vor allem sogenannten Analyseprogrammen. Die Analyse Ihres Surf-Verhaltens erfolgt in der Regel anonym; das Surf-Verhalten kann nicht zu Ihnen zur\u00fcckverfolgt werden. Sie k\u00f6nnen dieser Analyse widersprechen. \u00dcber die Widerspruchsm\u00f6glichkeiten werden wir Sie in dieser Datenschutzerkl\u00e4rung informieren.<\/span><\/p><p class=\\\"p1\\\"><span class=\\\"s1\\\">2. Allgemeine Hinweise und Pflichtinformationen<\/span><\/p><p class=\\\"p1\\\"><span class=\\\"s1\\\">Datenschutz<\/span><\/p><p class=\\\"p1\\\"><span class=\\\"s1\\\">Die Betreiber dieser Seiten nehmen den Schutz Ihrer pers\u00f6nlichen Daten sehr ernst. Wir behandeln Ihre personenbezogenen Daten vertraulich und entsprechend der gesetzlichen Datenschutzvorschriften sowie dieser Datenschutzerkl\u00e4rung.<\/span><\/p><p class=\\\"p1\\\"><span class=\\\"s1\\\">Wenn Sie diese Website benutzen, werden verschiedene personenbezogene Daten erhoben. Personenbezogene Daten sind Daten, mit denen Sie pers\u00f6nlich identifiziert werden k\u00f6nnen. Die vorliegende Datenschutzerkl\u00e4rung erl\u00e4utert, welche Daten wir erheben und wof\u00fcr wir sie nutzen. Sie erl\u00e4utert auch, wie und zu welchem Zweck das geschieht.<\/span><\/p><p class=\\\"p1\\\"><span class=\\\"s1\\\">Wir weisen darauf hin, dass die Daten\u00fcbertragung im Internet (z.B. bei der Kommunikation per E-Mail) Sicherheitsl\u00fccken aufweisen kann. Ein l\u00fcckenloser Schutz der Daten vor dem Zugriff durch Dritte ist nicht m\u00f6glich.<\/span><\/p><p class=\\\"p1\\\"><span class=\\\"s1\\\">Hinweis zur verantwortlichen Stelle<\/span><\/p><p class=\\\"p1\\\"><span class=\\\"s1\\\">Die verantwortliche Stelle f\u00fcr die Datenverarbeitung auf dieser Website ist:<\/span><\/p><p class=\\\"p1\\\"><span class=\\\"s1\\\">N-A-G-E-L<br \/><\/span><span class=\\\"s1\\\">C\/O OFF Ladenb\u00fcro<br \/><\/span><span class=\\\"s1\\\">David Nagel<br \/><\/span><span class=\\\"s1\\\">Adalbertstra\u00dfe 32<br \/><\/span><span class=\\\"s1\\\">D\u201310179 Berlin<br \/><\/span><span class=\\\"s1\\\">info@n-a-g-e-l.de<\/span><\/p><p class=\\\"p1\\\"><span class=\\\"s1\\\">Verantwortliche Stelle ist die nat\u00fcrliche oder juristische Person, die allein oder gemeinsam mit anderen \u00fcber die Zwecke und Mittel der Verarbeitung von personenbezogenen Daten (z.B. Namen, E-Mail-Adressen o. \u00c4.) entscheidet.<\/span><\/p><p class=\\\"p1\\\"><span class=\\\"s1\\\">Widerruf Ihrer Einwilligung zur Datenverarbeitung<\/span><\/p><p class=\\\"p1\\\"><span class=\\\"s1\\\">Viele Datenverarbeitungsvorg\u00e4nge sind nur mit Ihrer ausdr\u00fccklichen Einwilligung m\u00f6glich. Sie k\u00f6nnen eine bereits erteilte Einwilligung jederzeit widerrufen. Dazu reicht eine formlose Mitteilung per E-Mail an uns. Die Rechtm\u00e4\u00dfigkeit der bis zum Widerruf erfolgten Datenverarbeitung bleibt vom Widerruf unber\u00fchrt.<\/span><\/p><p class=\\\"p1\\\"><span class=\\\"s1\\\">Beschwerderecht bei der zust\u00e4ndigen Aufsichtsbeh\u00f6rde<\/span><\/p><p class=\\\"p1\\\"><span class=\\\"s1\\\">Im Falle datenschutzrechtlicher Verst\u00f6\u00dfe steht dem Betroffenen ein Beschwerderecht bei der zust\u00e4ndigen Aufsichtsbeh\u00f6rde zu. Zust\u00e4ndige Aufsichtsbeh\u00f6rde in datenschutzrechtlichen Fragen ist der Landesdatenschutzbeauftragte des Bundeslandes, in dem unser Unternehmen seinen Sitz hat. Eine Liste der Datenschutzbeauftragten sowie deren Kontaktdaten k\u00f6nnen folgendem Link entnommen werden: https:\/\/www.bfdi.bund.de\/DE\/Infothek\/Anschriften_Links\/anschriften_links-node.html.<\/span><\/p><p class=\\\"p1\\\"><span class=\\\"s1\\\">Recht auf Daten\u00fcbertragbarkeit<\/span><\/p><p class=\\\"p1\\\"><span class=\\\"s1\\\">Sie haben das Recht, Daten, die wir auf Grundlage Ihrer Einwilligung oder in Erf\u00fcllung eines Vertrags automatisiert verarbeiten, an sich oder an einen Dritten in einem g\u00e4ngigen, maschinenlesbaren Format aush\u00e4ndigen zu lassen. Sofern Sie die direkte \u00dcbertragung der Daten an einen anderen Verantwortlichen verlangen, erfolgt dies nur, soweit es technisch machbar ist.<\/span><\/p><p class=\\\"p1\\\"><span class=\\\"s1\\\">SSL- bzw. TLS-Verschl\u00fcsselung<\/span><\/p><p class=\\\"p1\\\"><span class=\\\"s1\\\">Diese Seite nutzt aus Sicherheitsgr\u00fcnden und zum Schutz der \u00dcbertragung vertraulicher Inhalte, wie zum Beispiel Bestellungen oder Anfragen, die Sie an uns als Seitenbetreiber senden, eine SSL- bzw. TLS-Verschl\u00fcsselung. Eine verschl\u00fcsselte Verbindung erkennen Sie daran, dass die Adresszeile des Browsers von \u201chttp:\/\/\u201d auf \u201chttps:\/\/\u201d wechselt und an dem Schloss-Symbol in Ihrer Browserzeile.<\/span><\/p><p class=\\\"p1\\\"><span class=\\\"s1\\\">Wenn die SSL- bzw. TLS-Verschl\u00fcsselung aktiviert ist, k\u00f6nnen die Daten, die Sie an uns \u00fcbermitteln, nicht von Dritten mitgelesen werden.<\/span><\/p><p class=\\\"p1\\\"><span class=\\\"s1\\\">Auskunft, Sperrung, L\u00f6schung<\/span><\/p><p class=\\\"p1\\\"><span class=\\\"s1\\\">Sie haben im Rahmen der geltenden gesetzlichen Bestimmungen jederzeit das Recht auf unentgeltliche Auskunft \u00fcber Ihre gespeicherten personenbezogenen Daten, deren Herkunft und Empf\u00e4nger und den Zweck der Datenverarbeitung und ggf. ein Recht auf Berichtigung, Sperrung oder L\u00f6schung dieser Daten. Hierzu sowie zu weiteren Fragen zum Thema personenbezogene Daten k\u00f6nnen Sie sich jederzeit unter der im Impressum angegebenen Adresse an uns wenden.<\/span><\/p>\",\r\n      \"align\": \"top\",\r\n      \"row\": 0,\r\n      \"col\": 3,\r\n      \"colspan\": 7,\r\n      \"offsetx\": 0,\r\n      \"offsety\": 0,\r\n      \"spaceabove\": 0,\r\n      \"spacebelow\": 0,\r\n      \"yvel\": 1,\r\n      \"push\": 3,\r\n      \"relid\": 27,\r\n      \"frameOverflow\": \"\"\r\n    }\r\n  ]\r\n}","phonegrid":"","_links":{"self":[{"href":"https:\/\/www.n-a-g-e-l.de\/en\/wp-json\/wp\/v2\/pages\/471","targetHints":{"allow":["GET"]}}],"collection":[{"href":"https:\/\/www.n-a-g-e-l.de\/en\/wp-json\/wp\/v2\/pages"}],"about":[{"href":"https:\/\/www.n-a-g-e-l.de\/en\/wp-json\/wp\/v2\/types\/page"}],"author":[{"embeddable":true,"href":"https:\/\/www.n-a-g-e-l.de\/en\/wp-json\/wp\/v2\/users\/1"}],"replies":[{"embeddable":true,"href":"https:\/\/www.n-a-g-e-l.de\/en\/wp-json\/wp\/v2\/comments?post=471"}],"version-history":[{"count":0,"href":"https:\/\/www.n-a-g-e-l.de\/en\/wp-json\/wp\/v2\/pages\/471\/revisions"}],"wp:attachment":[{"href":"https:\/\/www.n-a-g-e-l.de\/en\/wp-json\/wp\/v2\/media?parent=471"}],"curies":[{"name":"wp","href":"https:\/\/api.w.org\/{rel}","templated":true}]}}